{"id":1254,"date":"2021-09-23T03:28:55","date_gmt":"2021-09-23T02:28:55","guid":{"rendered":"https:\/\/www.graememaxton.com\/gpm\/?page_id=1254"},"modified":"2026-01-08T16:48:17","modified_gmt":"2026-01-08T16:48:17","slug":"buecher-2","status":"publish","type":"page","link":"https:\/\/graememaxton.com\/gpm\/de\/buecher-2\/","title":{"rendered":"B\u00fccher"},"content":{"rendered":"\n<figure class=\"wp-block-image aligncenter size-full is-resized\"><img loading=\"lazy\" decoding=\"async\" width=\"900\" height=\"225\" src=\"https:\/\/graememaxton.com\/gpm\/wp-content\/uploads\/bookshelf.png\" alt=\"\" class=\"wp-image-1326\" style=\"width:1115px;height:auto\" srcset=\"https:\/\/graememaxton.com\/gpm\/wp-content\/uploads\/bookshelf.png 900w, https:\/\/graememaxton.com\/gpm\/wp-content\/uploads\/bookshelf-300x75.png 300w, https:\/\/graememaxton.com\/gpm\/wp-content\/uploads\/bookshelf-768x192.png 768w\" sizes=\"auto, (max-width: 900px) 100vw, 900px\" \/><\/figure>\n\n\n\n<hr class=\"wp-block-separator has-css-opacity\"\/>\n\n\n\n<h3 class=\"wp-block-heading\">Change!  Warum wir eine radikale Wende brauchen <\/h3>\n\n\n\n<p><a href=\"https:\/\/www.komplett-media.com\/products\/change\">Komplett Media<\/a>, 2018<\/p>\n\n\n\n<div class=\"wp-block-media-text is-stacked-on-mobile\" style=\"grid-template-columns:30% auto\"><figure class=\"wp-block-media-text__media\"><img loading=\"lazy\" decoding=\"async\" width=\"244\" height=\"400\" src=\"https:\/\/graememaxton.com\/gpm\/wp-content\/uploads\/changecoverDE.jpg\" alt=\"\" class=\"wp-image-1561 size-full\" srcset=\"https:\/\/graememaxton.com\/gpm\/wp-content\/uploads\/changecoverDE.jpg 244w, https:\/\/graememaxton.com\/gpm\/wp-content\/uploads\/changecoverDE-183x300.jpg 183w\" sizes=\"auto, (max-width: 244px) 100vw, 244px\" \/><\/figure><div class=\"wp-block-media-text__content\">\n<p><strong>Unser Wirtschaftssystem bringt uns um<\/strong><\/p>\n\n\n\n<p>Das Streben der Menschheit nach wirtschaftlichem Wachstum f\u00fchrt in eine Sackgasse. Indem wir mehr Rohstoffe f\u00f6rdern, um immer mehr Waren zu produzieren, verbrauchen wir mehr Energie. Da der Gro\u00dfteil der Energiegewinnung auf Kohle, \u00d6l und Gas basiert, ist unsere Leidenschaft f\u00fcr Wachstum und Wohlstand auch der Grund f\u00fcr den Klimawandel. Sie bringt uns um, wenn wir nicht aufh\u00f6ren. Der Wechsel zu erneuerbaren Energien und Elektromobilit\u00e4t sowie das Pariser Klimaabkommen wird das nicht in Ordnung bringen. Wenn wir eine Katastrophe vermeiden wollen, brauchen wir eine radikale Wende. Daf\u00fcr bleiben uns nur noch 20 Jahre.<\/p>\n\n\n\n<p><\/p>\n\n\n\n<p><\/p>\n\n\n\n<p><\/p>\n\n\n\n<p><\/p>\n<\/div><\/div>\n\n\n\n<hr class=\"wp-block-separator has-alpha-channel-opacity\"\/>\n\n\n\n<p><strong>Kein science fiction, sondern wissenschaftliche Tatsache<\/strong><\/p>\n\n\n\n<p>CH<em>ANGE!<\/em> erkl\u00e4rt warum die klimatischen Herausforderungen so gro\u00df sind und wieso nur radikale L\u00f6sungen \u2013 die Wirtschaftssystem und Gesellschaft vollkommen ver\u00e4ndern \u2013 gelingen werden. Das Buch zeigt, wie wir eine 20-Jahres-Br\u00fccke in eine nachhaltige Zukunft bauen k\u00f6nnen, in der<\/p>\n\n\n\n<ul class=\"wp-block-list\">\n<li>unkontrollierter Klimawandel vermieden werden kann<\/li>\n\n\n\n<li>es keine Industrie f\u00fcr fossile Brennstoffe mehr gibt<\/li>\n\n\n\n<li>die Macht der Unternehmen und Banken erheblich eingeschr\u00e4nkt ist<\/li>\n\n\n\n<li>es keinen Bedarf mehr f\u00fcr Wirtschaftswachstum gibt<\/li>\n\n\n\n<li>der Konsum von fast allem extrem verringert ist<\/li>\n\n\n\n<li>die Steuern auf Arbeit gek\u00fcrzt sind<\/li>\n\n\n\n<li>der durchschnittliche Lebensstandard erh\u00f6ht ist<\/li>\n<\/ul>\n\n\n\n<figure class=\"wp-block-image alignright size-full is-resized\"><img loading=\"lazy\" decoding=\"async\" width=\"683\" height=\"1024\" src=\"https:\/\/graememaxton.com\/gpm\/wp-content\/uploads\/2020\/09\/Change-or-Collapse-cover-SK.gif\" alt=\"\" class=\"wp-image-362\" style=\"width:150px;height:auto\"\/><\/figure>\n\n\n\n<p><strong>Sinn und Zweck \u00fcberdenken<\/strong><\/p>\n\n\n\n<p>Wenn die Menschheit weiterhin gedeihen soll, muss unser zerst\u00f6rerisches Wirtschaftssystem vollst\u00e4ndig aufgel\u00f6st und neu aufgebaut werden. Wir m\u00fcssen radikal neu definieren, was wir unter Freiheit, Wettbewerb und Fortschritt verstehen. Wir m\u00fcssen die Rolle der Regierung \u00fcberdenken. Wir m\u00fcssen noch einmal von vorn anfangen und fast alles, was wir als normal empfinden, vergessen. <\/p>\n\n\n\n<p><strong>Wir stehen im entscheidenden Kampf des 21 Jahrhunderts und kein Hollywood Held wird uns retten.\u00a0 Egal was es kostet, es gibt keine andere Option, als Change!<\/strong><\/p>\n\n\n\n<p>Download <a href=\"https:\/\/www.graememaxton.com\/gpm\/wp-content\/uploads\/onepagesummarytodolistedbg.pdf\">To Do Liste<\/a><\/p>\n\n\n\n<hr class=\"wp-block-separator has-css-opacity\"\/>\n\n\n\n<h3 class=\"wp-block-heading\">Globaler Klimanotstand : Warum unser demokratisches System an seine Grenzen  St\u00f6\u00dft <\/h3>\n\n\n\n<p>Komplett Media, 2020<\/p>\n\n\n\n<div class=\"wp-block-media-text is-stacked-on-mobile\" style=\"grid-template-columns:34% auto\"><figure class=\"wp-block-media-text__media\"><img loading=\"lazy\" decoding=\"async\" width=\"251\" height=\"400\" src=\"https:\/\/graememaxton.com\/gpm\/wp-content\/uploads\/Klimanotstand-1.jpg\" alt=\"\" class=\"wp-image-1567 size-full\" srcset=\"https:\/\/graememaxton.com\/gpm\/wp-content\/uploads\/Klimanotstand-1.jpg 251w, https:\/\/graememaxton.com\/gpm\/wp-content\/uploads\/Klimanotstand-1-188x300.jpg 188w\" sizes=\"auto, (max-width: 251px) 100vw, 251px\" \/><\/figure><div class=\"wp-block-media-text__content\">\n<p><strong>Was muss geschehen, um eine bessere Welt zu bauen?<\/strong><\/p>\n\n\n\n<p>Seit Jahrzehnten wissen wir, dass der Artenverlust, die Verschmutzung und der Klimawandel immer mehr zunehmen. Wir wissen, dass menschliches Handeln diese Probleme verursacht und dass weitere Unt\u00e4tigkeit langfristig verheerende Konsequenzen haben wird. Dennoch wird die Situation immer schlimmer. Warum hat sich nichts ge\u00e4ndert?<\/p>\n\n\n\n<p>Dass die Menschheit bisher noch nichts Sinnvolles in Reaktion auf diese wachsende Problematik unternommen hat, liegt daran, dass sie aufgrund ihrer Weltanschauungen in der Gegenwart verhaftet ist. Was die meisten als menschlichen Daseinszweck, als Demokratie und als Freiheit des Individuums betrachten, ist durch clevere Sinnentstellung zu ihrem Nachteil verzerrt worden, mit gravierenden Folgen f\u00fcr die Natur. Was die heutige Gesellschaft als Fortschritt bezeichnet, ist in Wirklichkeit ein global orchestrierter Raubzug zum Vorteil einer kleinen Minderheit, die nahezu alle Alternativen effektiv ausgeschaltet hat.<\/p>\n\n\n\n<p>Wie und warum es dazu gekommen ist, welche Konsequenzen zu erwarten sind, und was wir Menschen im Einzelnen und als Gesellschaft tun sollten, ist Gegenstand dieses Buches.<\/p>\n\n\n\n<p><a href=\"https:\/\/www.graememaxton.com\/gpm\/MaxtonglobalernotstandVorschlageDE2020.pdf\">Ausschnitt<\/a> Erforderliche Regelungen<\/p>\n<\/div><\/div>\n\n\n\n<hr class=\"wp-block-separator has-css-opacity\"\/>\n\n\n\n<h3 class=\"wp-block-heading\">Ein Prozent ist genug: Mit wenig Wachstum soziale Ungleichheit, Arbeitslosigkeit und Klimawandel bek\u00e4mpfen<\/h3>\n\n\n\n<p><a href=\"https:\/\/www.oekom.de\/nc\/buecher\/gesamtprogramm\/buch\/ein-prozent-ist-genug.html\">oekom Verlag<\/a><\/p>\n\n\n\n<div class=\"wp-block-media-text is-stacked-on-mobile\" style=\"grid-template-columns:31% auto\"><figure class=\"wp-block-media-text__media\"><img loading=\"lazy\" decoding=\"async\" width=\"253\" height=\"400\" src=\"https:\/\/graememaxton.com\/gpm\/wp-content\/uploads\/Maxton_Ein-Prozent400.jpg\" alt=\"\" class=\"wp-image-1569 size-full\" srcset=\"https:\/\/graememaxton.com\/gpm\/wp-content\/uploads\/Maxton_Ein-Prozent400.jpg 253w, https:\/\/graememaxton.com\/gpm\/wp-content\/uploads\/Maxton_Ein-Prozent400-190x300.jpg 190w\" sizes=\"auto, (max-width: 253px) 100vw, 253px\" \/><\/figure><div class=\"wp-block-media-text__content\">\n<p><strong>Nummer eins auf Amazon.de!<\/strong><\/p>\n\n\n\n<p>Die Fronten sind verh\u00e4rtet: hier die Anh\u00e4nger des Degrowth, die negative Wachstumsraten f\u00fcr unverzichtbar halten \u2013 dort die Mehrheit der Wachstumsgl\u00e4ubigen, die noch immer von zweistelligen Zuw\u00e4chsen tr\u00e4umt. Radikale Rhetorik und Konzepte scheinen mehr denn je n\u00f6tig zu sein, um sich Geh\u00f6r zu verschaffen. Doch gibt es wirklich keine L\u00f6sungen dazwischen?<\/p>\n\n\n\n<p>F\u00fcr Jorgen Randers und Graeme Maxton ist es h\u00f6chste Zeit, Realit\u00e4ten anzuerkennen und Denkblockaden zu \u00fcberwinden. In \u2018Ein Prozent ist genug\u2019 stehen die Industriel\u00e4nder, deren Wirtschaft kaum noch w\u00e4chst im Mittelpunkt. Der aktuelle Bericht an den Club of Rome r\u00e4umt auf mit dem Mythos der Alternativlosigkeit und pr\u00e4sentiert einen Ma\u00dfnahmenkatalog f\u00fcr \u00fcberf\u00e4llige Reformen in Politik und Wirtschaft: f\u00fcr den Umbau unserer sozialen Sicherungssysteme, f\u00fcr menschenw\u00fcrdige Arbeitspl\u00e4tze und einen Klimaschutz, der der Wirtschaft nutzt.<\/p>\n\n\n\n<p><strong>Jetzt kostenlos als H\u00f6rbuch <strong>verf\u00fcgbar<\/strong>.<\/strong><\/p>\n<\/div><\/div>\n\n\n\n<p><\/p>\n\n\n\n<hr class=\"wp-block-separator has-css-opacity\"\/>\n\n\n\n<p><\/p>\n","protected":false},"excerpt":{"rendered":"<p>Change! Warum wir eine radikale Wende brauchen Komplett Media, 2018 Unser Wirtschaftssystem bringt uns um Das Streben der Menschheit nach wirtschaftlichem Wachstum f\u00fchrt in eine Sackgasse. Indem wir mehr Rohstoffe f\u00f6rdern, um immer mehr Waren zu produzieren, verbrauchen wir mehr Energie. Da der Gro\u00dfteil der Energiegewinnung auf Kohle, \u00d6l und Gas basiert, ist unsere Leidenschaft [&hellip;]<\/p>\n","protected":false},"author":2,"featured_media":0,"parent":1230,"menu_order":1,"comment_status":"closed","ping_status":"closed","template":"","meta":{"site-sidebar-layout":"default","site-content-layout":"default","ast-site-content-layout":"default","site-content-style":"default","site-sidebar-style":"default","ast-global-header-display":"","ast-banner-title-visibility":"","ast-main-header-display":"","ast-hfb-above-header-display":"","ast-hfb-below-header-display":"","ast-hfb-mobile-header-display":"","site-post-title":"","ast-breadcrumbs-content":"","ast-featured-img":"","footer-sml-layout":"","theme-transparent-header-meta":"default","adv-header-id-meta":"","stick-header-meta":"","header-above-stick-meta":"","header-main-stick-meta":"","header-below-stick-meta":"","astra-migrate-meta-layouts":"set","ast-page-background-enabled":"default","ast-page-background-meta":{"desktop":{"background-color":"var(--ast-global-color-4)","background-image":"","background-repeat":"repeat","background-position":"center center","background-size":"auto","background-attachment":"scroll","background-type":"","background-media":"","overlay-type":"","overlay-color":"","overlay-opacity":"","overlay-gradient":""},"tablet":{"background-color":"","background-image":"","background-repeat":"repeat","background-position":"center center","background-size":"auto","background-attachment":"scroll","background-type":"","background-media":"","overlay-type":"","overlay-color":"","overlay-opacity":"","overlay-gradient":""},"mobile":{"background-color":"","background-image":"","background-repeat":"repeat","background-position":"center center","background-size":"auto","background-attachment":"scroll","background-type":"","background-media":"","overlay-type":"","overlay-color":"","overlay-opacity":"","overlay-gradient":""}},"ast-content-background-meta":{"desktop":{"background-color":"var(--ast-global-color-5)","background-image":"","background-repeat":"repeat","background-position":"center center","background-size":"auto","background-attachment":"scroll","background-type":"","background-media":"","overlay-type":"","overlay-color":"","overlay-opacity":"","overlay-gradient":""},"tablet":{"background-color":"var(--ast-global-color-5)","background-image":"","background-repeat":"repeat","background-position":"center center","background-size":"auto","background-attachment":"scroll","background-type":"","background-media":"","overlay-type":"","overlay-color":"","overlay-opacity":"","overlay-gradient":""},"mobile":{"background-color":"var(--ast-global-color-5)","background-image":"","background-repeat":"repeat","background-position":"center center","background-size":"auto","background-attachment":"scroll","background-type":"","background-media":"","overlay-type":"","overlay-color":"","overlay-opacity":"","overlay-gradient":""}},"footnotes":""},"class_list":["post-1254","page","type-page","status-publish","hentry"],"yoast_head":"<!-- This site is optimized with the Yoast SEO plugin v24.8.1 - https:\/\/yoast.com\/wordpress\/plugins\/seo\/ -->\n<title>B\u00fccher - Graeme Maxton<\/title>\n<meta name=\"description\" content=\"Change!, Ein Prozent ist genug, F*ck the System, Globaler Klimanotstand und weitere Buecher auf Deutsch von Graeme Maxton\" \/>\n<meta name=\"robots\" content=\"index, follow, max-snippet:-1, max-image-preview:large, max-video-preview:-1\" \/>\n<link rel=\"canonical\" href=\"https:\/\/graememaxton.com\/gpm\/de\/buecher-2\/\" \/>\n<meta property=\"og:locale\" content=\"en_GB\" \/>\n<meta property=\"og:type\" content=\"article\" \/>\n<meta property=\"og:title\" content=\"B\u00fccher - Graeme Maxton\" \/>\n<meta property=\"og:description\" content=\"Change!, Ein Prozent ist genug, F*ck the System, Globaler Klimanotstand und weitere Buecher auf Deutsch von Graeme Maxton\" \/>\n<meta property=\"og:url\" content=\"https:\/\/graememaxton.com\/gpm\/de\/buecher-2\/\" \/>\n<meta property=\"og:site_name\" content=\"Graeme Maxton\" \/>\n<meta property=\"article:modified_time\" content=\"2026-01-08T16:48:17+00:00\" \/>\n<meta property=\"og:image\" content=\"https:\/\/graememaxton.com\/gpm\/wp-content\/uploads\/bookshelf.png\" \/>\n\t<meta property=\"og:image:width\" content=\"900\" \/>\n\t<meta property=\"og:image:height\" content=\"225\" \/>\n\t<meta property=\"og:image:type\" content=\"image\/png\" \/>\n<meta name=\"twitter:card\" content=\"summary_large_image\" \/>\n<meta name=\"twitter:label1\" content=\"Estimated reading time\" \/>\n\t<meta name=\"twitter:data1\" content=\"4 minutes\" \/>\n<script type=\"application\/ld+json\" class=\"yoast-schema-graph\">{\"@context\":\"https:\/\/schema.org\",\"@graph\":[{\"@type\":\"WebPage\",\"@id\":\"https:\/\/graememaxton.com\/gpm\/de\/buecher-2\/\",\"url\":\"https:\/\/graememaxton.com\/gpm\/de\/buecher-2\/\",\"name\":\"B\u00fccher - Graeme Maxton\",\"isPartOf\":{\"@id\":\"https:\/\/graememaxton.com\/gpm\/#website\"},\"primaryImageOfPage\":{\"@id\":\"https:\/\/graememaxton.com\/gpm\/de\/buecher-2\/#primaryimage\"},\"image\":{\"@id\":\"https:\/\/graememaxton.com\/gpm\/de\/buecher-2\/#primaryimage\"},\"thumbnailUrl\":\"https:\/\/graememaxton.com\/gpm\/wp-content\/uploads\/bookshelf.png\",\"datePublished\":\"2021-09-23T02:28:55+00:00\",\"dateModified\":\"2026-01-08T16:48:17+00:00\",\"description\":\"Change!, Ein Prozent ist genug, F*ck the System, Globaler Klimanotstand und weitere Buecher auf Deutsch von Graeme Maxton\",\"breadcrumb\":{\"@id\":\"https:\/\/graememaxton.com\/gpm\/de\/buecher-2\/#breadcrumb\"},\"inLanguage\":\"en-GB\",\"potentialAction\":[{\"@type\":\"ReadAction\",\"target\":[\"https:\/\/graememaxton.com\/gpm\/de\/buecher-2\/\"]}]},{\"@type\":\"ImageObject\",\"inLanguage\":\"en-GB\",\"@id\":\"https:\/\/graememaxton.com\/gpm\/de\/buecher-2\/#primaryimage\",\"url\":\"https:\/\/graememaxton.com\/gpm\/wp-content\/uploads\/bookshelf.png\",\"contentUrl\":\"https:\/\/graememaxton.com\/gpm\/wp-content\/uploads\/bookshelf.png\",\"width\":900,\"height\":225},{\"@type\":\"BreadcrumbList\",\"@id\":\"https:\/\/graememaxton.com\/gpm\/de\/buecher-2\/#breadcrumb\",\"itemListElement\":[{\"@type\":\"ListItem\",\"position\":1,\"name\":\"Home\",\"item\":\"https:\/\/graememaxton.com\/gpm\/\"},{\"@type\":\"ListItem\",\"position\":2,\"name\":\"DE\",\"item\":\"https:\/\/graememaxton.com\/gpm\/?page_id=1230\"},{\"@type\":\"ListItem\",\"position\":3,\"name\":\"B\u00fccher\"}]},{\"@type\":\"WebSite\",\"@id\":\"https:\/\/graememaxton.com\/gpm\/#website\",\"url\":\"https:\/\/graememaxton.com\/gpm\/\",\"name\":\"graememaxton.com\",\"description\":\"          \",\"publisher\":{\"@id\":\"https:\/\/graememaxton.com\/gpm\/#\/schema\/person\/65da9104f6b3513d77992add4995ec95\"},\"potentialAction\":[{\"@type\":\"SearchAction\",\"target\":{\"@type\":\"EntryPoint\",\"urlTemplate\":\"https:\/\/graememaxton.com\/gpm\/?s={search_term_string}\"},\"query-input\":{\"@type\":\"PropertyValueSpecification\",\"valueRequired\":true,\"valueName\":\"search_term_string\"}}],\"inLanguage\":\"en-GB\"},{\"@type\":[\"Person\",\"Organization\"],\"@id\":\"https:\/\/graememaxton.com\/gpm\/#\/schema\/person\/65da9104f6b3513d77992add4995ec95\",\"name\":\"Graeme Maxton\",\"image\":{\"@type\":\"ImageObject\",\"inLanguage\":\"en-GB\",\"@id\":\"https:\/\/graememaxton.com\/gpm\/#\/schema\/person\/image\/\",\"url\":\"https:\/\/graememaxton.com\/gpm\/wp-content\/uploads\/cropped-Screenshot-From-2026-01-08-11-36-14.png\",\"contentUrl\":\"https:\/\/graememaxton.com\/gpm\/wp-content\/uploads\/cropped-Screenshot-From-2026-01-08-11-36-14.png\",\"width\":144,\"height\":114,\"caption\":\"Graeme Maxton\"},\"logo\":{\"@id\":\"https:\/\/graememaxton.com\/gpm\/#\/schema\/person\/image\/\"}}]}<\/script>\n<!-- \/ Yoast SEO plugin. -->","yoast_head_json":{"title":"B\u00fccher - Graeme Maxton","description":"Change!, Ein Prozent ist genug, F*ck the System, Globaler Klimanotstand und weitere Buecher auf Deutsch von Graeme Maxton","robots":{"index":"index","follow":"follow","max-snippet":"max-snippet:-1","max-image-preview":"max-image-preview:large","max-video-preview":"max-video-preview:-1"},"canonical":"https:\/\/graememaxton.com\/gpm\/de\/buecher-2\/","og_locale":"en_GB","og_type":"article","og_title":"B\u00fccher - Graeme Maxton","og_description":"Change!, Ein Prozent ist genug, F*ck the System, Globaler Klimanotstand und weitere Buecher auf Deutsch von Graeme Maxton","og_url":"https:\/\/graememaxton.com\/gpm\/de\/buecher-2\/","og_site_name":"Graeme Maxton","article_modified_time":"2026-01-08T16:48:17+00:00","og_image":[{"width":900,"height":225,"url":"https:\/\/graememaxton.com\/gpm\/wp-content\/uploads\/bookshelf.png","type":"image\/png"}],"twitter_card":"summary_large_image","twitter_misc":{"Estimated reading time":"4 minutes"},"schema":{"@context":"https:\/\/schema.org","@graph":[{"@type":"WebPage","@id":"https:\/\/graememaxton.com\/gpm\/de\/buecher-2\/","url":"https:\/\/graememaxton.com\/gpm\/de\/buecher-2\/","name":"B\u00fccher - Graeme Maxton","isPartOf":{"@id":"https:\/\/graememaxton.com\/gpm\/#website"},"primaryImageOfPage":{"@id":"https:\/\/graememaxton.com\/gpm\/de\/buecher-2\/#primaryimage"},"image":{"@id":"https:\/\/graememaxton.com\/gpm\/de\/buecher-2\/#primaryimage"},"thumbnailUrl":"https:\/\/graememaxton.com\/gpm\/wp-content\/uploads\/bookshelf.png","datePublished":"2021-09-23T02:28:55+00:00","dateModified":"2026-01-08T16:48:17+00:00","description":"Change!, Ein Prozent ist genug, F*ck the System, Globaler Klimanotstand und weitere Buecher auf Deutsch von Graeme Maxton","breadcrumb":{"@id":"https:\/\/graememaxton.com\/gpm\/de\/buecher-2\/#breadcrumb"},"inLanguage":"en-GB","potentialAction":[{"@type":"ReadAction","target":["https:\/\/graememaxton.com\/gpm\/de\/buecher-2\/"]}]},{"@type":"ImageObject","inLanguage":"en-GB","@id":"https:\/\/graememaxton.com\/gpm\/de\/buecher-2\/#primaryimage","url":"https:\/\/graememaxton.com\/gpm\/wp-content\/uploads\/bookshelf.png","contentUrl":"https:\/\/graememaxton.com\/gpm\/wp-content\/uploads\/bookshelf.png","width":900,"height":225},{"@type":"BreadcrumbList","@id":"https:\/\/graememaxton.com\/gpm\/de\/buecher-2\/#breadcrumb","itemListElement":[{"@type":"ListItem","position":1,"name":"Home","item":"https:\/\/graememaxton.com\/gpm\/"},{"@type":"ListItem","position":2,"name":"DE","item":"https:\/\/graememaxton.com\/gpm\/?page_id=1230"},{"@type":"ListItem","position":3,"name":"B\u00fccher"}]},{"@type":"WebSite","@id":"https:\/\/graememaxton.com\/gpm\/#website","url":"https:\/\/graememaxton.com\/gpm\/","name":"graememaxton.com","description":"          ","publisher":{"@id":"https:\/\/graememaxton.com\/gpm\/#\/schema\/person\/65da9104f6b3513d77992add4995ec95"},"potentialAction":[{"@type":"SearchAction","target":{"@type":"EntryPoint","urlTemplate":"https:\/\/graememaxton.com\/gpm\/?s={search_term_string}"},"query-input":{"@type":"PropertyValueSpecification","valueRequired":true,"valueName":"search_term_string"}}],"inLanguage":"en-GB"},{"@type":["Person","Organization"],"@id":"https:\/\/graememaxton.com\/gpm\/#\/schema\/person\/65da9104f6b3513d77992add4995ec95","name":"Graeme Maxton","image":{"@type":"ImageObject","inLanguage":"en-GB","@id":"https:\/\/graememaxton.com\/gpm\/#\/schema\/person\/image\/","url":"https:\/\/graememaxton.com\/gpm\/wp-content\/uploads\/cropped-Screenshot-From-2026-01-08-11-36-14.png","contentUrl":"https:\/\/graememaxton.com\/gpm\/wp-content\/uploads\/cropped-Screenshot-From-2026-01-08-11-36-14.png","width":144,"height":114,"caption":"Graeme Maxton"},"logo":{"@id":"https:\/\/graememaxton.com\/gpm\/#\/schema\/person\/image\/"}}]}},"_links":{"self":[{"href":"https:\/\/graememaxton.com\/gpm\/wp-json\/wp\/v2\/pages\/1254","targetHints":{"allow":["GET"]}}],"collection":[{"href":"https:\/\/graememaxton.com\/gpm\/wp-json\/wp\/v2\/pages"}],"about":[{"href":"https:\/\/graememaxton.com\/gpm\/wp-json\/wp\/v2\/types\/page"}],"author":[{"embeddable":true,"href":"https:\/\/graememaxton.com\/gpm\/wp-json\/wp\/v2\/users\/2"}],"replies":[{"embeddable":true,"href":"https:\/\/graememaxton.com\/gpm\/wp-json\/wp\/v2\/comments?post=1254"}],"version-history":[{"count":53,"href":"https:\/\/graememaxton.com\/gpm\/wp-json\/wp\/v2\/pages\/1254\/revisions"}],"predecessor-version":[{"id":3332,"href":"https:\/\/graememaxton.com\/gpm\/wp-json\/wp\/v2\/pages\/1254\/revisions\/3332"}],"up":[{"embeddable":true,"href":"https:\/\/graememaxton.com\/gpm\/wp-json\/wp\/v2\/pages\/1230"}],"wp:attachment":[{"href":"https:\/\/graememaxton.com\/gpm\/wp-json\/wp\/v2\/media?parent=1254"}],"curies":[{"name":"wp","href":"https:\/\/api.w.org\/{rel}","templated":true}]}}